{"id":16148,"date":"2017-05-08T17:41:29","date_gmt":"2017-05-08T15:41:29","guid":{"rendered":"https:\/\/idcab.se\/vi-ar-idc\/delagare\/"},"modified":"2019-08-21T10:08:18","modified_gmt":"2019-08-21T08:08:18","slug":"delagare","status":"publish","type":"page","link":"https:\/\/idcab.se\/en\/vi-ar-idc\/delagare\/","title":{"rendered":"Our partners"},"content":{"rendered":"<h1>Our partners<\/h1>\n<p class=\"lead-text\">IDC West Sweden AB is owned by approximately 160 partner companies around Skaraborg. We work overall for the growth of the whole of the Skaraborg region and work with several others.<\/p>\n<p>At IDC, we are driven by a strong commitment that the industry in Skaraborg will increase its efficiency and profitability, thereby increasing its competitiveness in an increasingly global market. We believe in collaboration with others to become even better. We work as a non-profit organisation and are owned by our partner companies. Our possibilities for increased funding and development aid increase with the number of partners. In short \u2013 the bigger we get, the stronger we\u2019ll become.<\/p>\n<p><iframe src=\"https:\/\/www.google.com\/maps\/d\/u\/0\/embed?mid=1p-nDnmfZ1Rt_LlBzagnXZEgKn1AE7YPX\"><\/iframe><\/p>\n","protected":false},"excerpt":{"rendered":"<p>Our partners IDC West Sweden AB is owned by approximately 160 partner companies around Skaraborg. We work overall for the&#8230; <a href=\"https:\/\/idcab.se\/en\/vi-ar-idc\/delagare\/\">Read more<\/a><\/p>\n","protected":false},"author":1,"featured_media":0,"parent":15430,"menu_order":0,"comment_status":"closed","ping_status":"closed","template":"","meta":{"footnotes":""},"class_list":["post-16148","page","type-page","status-publish","hentry"],"yoast_head":"<!-- This site is optimized with the Yoast SEO plugin v23.3 - https:\/\/yoast.com\/wordpress\/plugins\/seo\/ -->\n<title>Our partners | IDC | Skaraborgs utvecklingsbolag f\u00f6r industrin<\/title>\n<meta name=\"description\" content=\"IDC West Sweden AB \u00e4gs av cirka 150 del\u00e4garf\u00f6retag i Skaraborg. Vi arbetar f\u00f6r hela Skaraborgsregionens tillv\u00e4xt och samverkar med flera andra akt\u00f6rer.\" \/>\n<meta name=\"robots\" content=\"index, follow, max-snippet:-1, max-image-preview:large, max-video-preview:-1\" \/>\n<link rel=\"canonical\" href=\"https:\/\/idcab.se\/en\/vi-ar-idc\/delagare\/\" \/>\n<meta property=\"og:locale\" content=\"en_US\" \/>\n<meta property=\"og:type\" content=\"article\" \/>\n<meta property=\"og:title\" content=\"Our partners | IDC | Skaraborgs utvecklingsbolag f\u00f6r industrin\" \/>\n<meta property=\"og:description\" content=\"IDC West Sweden AB \u00e4gs av cirka 150 del\u00e4garf\u00f6retag i Skaraborg. Vi arbetar f\u00f6r hela Skaraborgsregionens tillv\u00e4xt och samverkar med flera andra akt\u00f6rer.\" \/>\n<meta property=\"og:url\" content=\"https:\/\/idcab.se\/en\/vi-ar-idc\/delagare\/\" \/>\n<meta property=\"og:site_name\" content=\"IDC | Skaraborgs utvecklingsbolag f\u00f6r industrin\" \/>\n<meta property=\"article:publisher\" content=\"https:\/\/www.facebook.com\/IDC-West-Sweden-AB-126935520693598\/?fref=ts\" \/>\n<meta property=\"article:modified_time\" content=\"2019-08-21T08:08:18+00:00\" \/>\n<meta name=\"twitter:card\" content=\"summary_large_image\" \/>\n<meta name=\"twitter:label1\" content=\"Est. reading time\" \/>\n\t<meta name=\"twitter:data1\" content=\"1 minute\" \/>\n<script type=\"application\/ld+json\" class=\"yoast-schema-graph\">{\"@context\":\"https:\/\/schema.org\",\"@graph\":[{\"@type\":\"WebPage\",\"@id\":\"https:\/\/idcab.se\/en\/vi-ar-idc\/delagare\/\",\"url\":\"https:\/\/idcab.se\/en\/vi-ar-idc\/delagare\/\",\"name\":\"Our partners | IDC | Skaraborgs utvecklingsbolag f\u00f6r industrin\",\"isPartOf\":{\"@id\":\"https:\/\/idcab.se\/en\/#website\"},\"datePublished\":\"2017-05-08T15:41:29+00:00\",\"dateModified\":\"2019-08-21T08:08:18+00:00\",\"description\":\"IDC West Sweden AB \u00e4gs av cirka 150 del\u00e4garf\u00f6retag i Skaraborg. Vi arbetar f\u00f6r hela Skaraborgsregionens tillv\u00e4xt och samverkar med flera andra akt\u00f6rer.\",\"breadcrumb\":{\"@id\":\"https:\/\/idcab.se\/en\/vi-ar-idc\/delagare\/#breadcrumb\"},\"inLanguage\":\"en-US\",\"potentialAction\":[{\"@type\":\"ReadAction\",\"target\":[\"https:\/\/idcab.se\/en\/vi-ar-idc\/delagare\/\"]}]},{\"@type\":\"BreadcrumbList\",\"@id\":\"https:\/\/idcab.se\/en\/vi-ar-idc\/delagare\/#breadcrumb\",\"itemListElement\":[{\"@type\":\"ListItem\",\"position\":1,\"name\":\"Hem\",\"item\":\"https:\/\/idcab.se\/en\/\"},{\"@type\":\"ListItem\",\"position\":2,\"name\":\"We are IDC\",\"item\":\"https:\/\/idcab.se\/en\/vi-ar-idc\/\"},{\"@type\":\"ListItem\",\"position\":3,\"name\":\"Our partners\"}]},{\"@type\":\"WebSite\",\"@id\":\"https:\/\/idcab.se\/en\/#website\",\"url\":\"https:\/\/idcab.se\/en\/\",\"name\":\"IDC | Skaraborgs utvecklingsbolag f\u00f6r industrin\",\"description\":\"IDC | Skaraborgs utvecklingsbolag f\u00f6r industrin\",\"publisher\":{\"@id\":\"https:\/\/idcab.se\/en\/#organization\"},\"potentialAction\":[{\"@type\":\"SearchAction\",\"target\":{\"@type\":\"EntryPoint\",\"urlTemplate\":\"https:\/\/idcab.se\/en\/?s={search_term_string}\"},\"query-input\":\"required name=search_term_string\"}],\"inLanguage\":\"en-US\"},{\"@type\":\"Organization\",\"@id\":\"https:\/\/idcab.se\/en\/#organization\",\"name\":\"IDC - Industrial Development Center West Sweden AB\",\"url\":\"https:\/\/idcab.se\/en\/\",\"logo\":{\"@type\":\"ImageObject\",\"inLanguage\":\"en-US\",\"@id\":\"https:\/\/idcab.se\/en\/#\/schema\/logo\/image\/\",\"url\":\"https:\/\/storage.googleapis.com\/idcab-se\/uploads\/2017\/06\/idc-logo-large.png\",\"contentUrl\":\"https:\/\/storage.googleapis.com\/idcab-se\/uploads\/2017\/06\/idc-logo-large.png\",\"width\":840,\"height\":370,\"caption\":\"IDC - Industrial Development Center West Sweden AB\"},\"image\":{\"@id\":\"https:\/\/idcab.se\/en\/#\/schema\/logo\/image\/\"},\"sameAs\":[\"https:\/\/www.facebook.com\/IDC-West-Sweden-AB-126935520693598\/?fref=ts\",\"https:\/\/www.linkedin.com\/company\/1178676\/\"]}]}<\/script>\n<!-- \/ Yoast SEO plugin. -->","yoast_head_json":{"title":"Our partners | IDC | Skaraborgs utvecklingsbolag f\u00f6r industrin","description":"IDC West Sweden AB \u00e4gs av cirka 150 del\u00e4garf\u00f6retag i Skaraborg. Vi arbetar f\u00f6r hela Skaraborgsregionens tillv\u00e4xt och samverkar med flera andra akt\u00f6rer.","robots":{"index":"index","follow":"follow","max-snippet":"max-snippet:-1","max-image-preview":"max-image-preview:large","max-video-preview":"max-video-preview:-1"},"canonical":"https:\/\/idcab.se\/en\/vi-ar-idc\/delagare\/","og_locale":"en_US","og_type":"article","og_title":"Our partners | IDC | Skaraborgs utvecklingsbolag f\u00f6r industrin","og_description":"IDC West Sweden AB \u00e4gs av cirka 150 del\u00e4garf\u00f6retag i Skaraborg. Vi arbetar f\u00f6r hela Skaraborgsregionens tillv\u00e4xt och samverkar med flera andra akt\u00f6rer.","og_url":"https:\/\/idcab.se\/en\/vi-ar-idc\/delagare\/","og_site_name":"IDC | Skaraborgs utvecklingsbolag f\u00f6r industrin","article_publisher":"https:\/\/www.facebook.com\/IDC-West-Sweden-AB-126935520693598\/?fref=ts","article_modified_time":"2019-08-21T08:08:18+00:00","twitter_card":"summary_large_image","twitter_misc":{"Est. reading time":"1 minute"},"schema":{"@context":"https:\/\/schema.org","@graph":[{"@type":"WebPage","@id":"https:\/\/idcab.se\/en\/vi-ar-idc\/delagare\/","url":"https:\/\/idcab.se\/en\/vi-ar-idc\/delagare\/","name":"Our partners | IDC | Skaraborgs utvecklingsbolag f\u00f6r industrin","isPartOf":{"@id":"https:\/\/idcab.se\/en\/#website"},"datePublished":"2017-05-08T15:41:29+00:00","dateModified":"2019-08-21T08:08:18+00:00","description":"IDC West Sweden AB \u00e4gs av cirka 150 del\u00e4garf\u00f6retag i Skaraborg. Vi arbetar f\u00f6r hela Skaraborgsregionens tillv\u00e4xt och samverkar med flera andra akt\u00f6rer.","breadcrumb":{"@id":"https:\/\/idcab.se\/en\/vi-ar-idc\/delagare\/#breadcrumb"},"inLanguage":"en-US","potentialAction":[{"@type":"ReadAction","target":["https:\/\/idcab.se\/en\/vi-ar-idc\/delagare\/"]}]},{"@type":"BreadcrumbList","@id":"https:\/\/idcab.se\/en\/vi-ar-idc\/delagare\/#breadcrumb","itemListElement":[{"@type":"ListItem","position":1,"name":"Hem","item":"https:\/\/idcab.se\/en\/"},{"@type":"ListItem","position":2,"name":"We are IDC","item":"https:\/\/idcab.se\/en\/vi-ar-idc\/"},{"@type":"ListItem","position":3,"name":"Our partners"}]},{"@type":"WebSite","@id":"https:\/\/idcab.se\/en\/#website","url":"https:\/\/idcab.se\/en\/","name":"IDC | Skaraborgs utvecklingsbolag f\u00f6r industrin","description":"IDC | Skaraborgs utvecklingsbolag f\u00f6r industrin","publisher":{"@id":"https:\/\/idcab.se\/en\/#organization"},"potentialAction":[{"@type":"SearchAction","target":{"@type":"EntryPoint","urlTemplate":"https:\/\/idcab.se\/en\/?s={search_term_string}"},"query-input":"required name=search_term_string"}],"inLanguage":"en-US"},{"@type":"Organization","@id":"https:\/\/idcab.se\/en\/#organization","name":"IDC - Industrial Development Center West Sweden AB","url":"https:\/\/idcab.se\/en\/","logo":{"@type":"ImageObject","inLanguage":"en-US","@id":"https:\/\/idcab.se\/en\/#\/schema\/logo\/image\/","url":"https:\/\/storage.googleapis.com\/idcab-se\/uploads\/2017\/06\/idc-logo-large.png","contentUrl":"https:\/\/storage.googleapis.com\/idcab-se\/uploads\/2017\/06\/idc-logo-large.png","width":840,"height":370,"caption":"IDC - Industrial Development Center West Sweden AB"},"image":{"@id":"https:\/\/idcab.se\/en\/#\/schema\/logo\/image\/"},"sameAs":["https:\/\/www.facebook.com\/IDC-West-Sweden-AB-126935520693598\/?fref=ts","https:\/\/www.linkedin.com\/company\/1178676\/"]}]}},"_links":{"self":[{"href":"https:\/\/idcab.se\/en\/wp-json\/wp\/v2\/pages\/16148"}],"collection":[{"href":"https:\/\/idcab.se\/en\/wp-json\/wp\/v2\/pages"}],"about":[{"href":"https:\/\/idcab.se\/en\/wp-json\/wp\/v2\/types\/page"}],"author":[{"embeddable":true,"href":"https:\/\/idcab.se\/en\/wp-json\/wp\/v2\/users\/1"}],"replies":[{"embeddable":true,"href":"https:\/\/idcab.se\/en\/wp-json\/wp\/v2\/comments?post=16148"}],"version-history":[{"count":2,"href":"https:\/\/idcab.se\/en\/wp-json\/wp\/v2\/pages\/16148\/revisions"}],"predecessor-version":[{"id":16150,"href":"https:\/\/idcab.se\/en\/wp-json\/wp\/v2\/pages\/16148\/revisions\/16150"}],"up":[{"embeddable":true,"href":"https:\/\/idcab.se\/en\/wp-json\/wp\/v2\/pages\/15430"}],"wp:attachment":[{"href":"https:\/\/idcab.se\/en\/wp-json\/wp\/v2\/media?parent=16148"}],"curies":[{"name":"wp","href":"https:\/\/api.w.org\/{rel}","templated":true}]}}