{"id":15434,"date":"2017-05-08T17:50:11","date_gmt":"2017-05-08T15:50:11","guid":{"rendered":"https:\/\/idcab.se\/projekt-insatser\/"},"modified":"2024-03-04T16:19:58","modified_gmt":"2024-03-04T15:19:58","slug":"projekt-insatser","status":"publish","type":"page","link":"https:\/\/idcab.se\/en\/projekt-insatser\/","title":{"rendered":"Projects and ventures"},"content":{"rendered":"<h1><strong>Projects and ventures<\/strong><\/h1>\n<p class=\"lead-text\">IDC West Sweden is a development company for people in the manufacturing industry in Skaraborg. Our mission is to strengthen the competitiveness and profitability of the manufacturing industry in Skaraborg.<\/p>\n<p>As co-workers of IDC, we run a number of exciting projects focussing on different areas such as, development, the environment, circular economy, digitalisation, materials, product development, strategic competence provision, re-cycling and social sustainability.<\/p>\n<p>Through our projects, we can offer a unique breadth in our support of the manufacturing industry in Skaraborg in general and our partner companies in particular. We are close to research and development through our collaboration with the University of Sk\u00f6vde and our strategic placement at Science Park Sk\u00f6vde. We run both regional and national networks.<\/p>\n<h2>Industry In West<\/h2>\n<p class=\"lead-text\">Industry In West supports companies in the transition toward a long-term sustainable industry based on new conditions in the external environment.<\/p>\n<p>Companies are coached to take steps in maturity levels within four prioritized focus areas.<\/p>\n<h2>Innovationsboost<\/h2>\n<p class=\"lead-text\">Innovation for Sustainable Transition<\/p>\n<p>Future products will be designed to meet market and societal needs, and technological and digital advancements will be leveraged to achieve reduced resource usage.<\/p>\n<h2 class=\"h2\">Kompetensnavet Skaraborg<\/h2>\n<p class=\"lead-text\">The Competence Hub supports and coordinates efforts for competence transition in Skaraborg.<\/p>\n<p>The Competence Hub aims to facilitate the transition in the workforce by ensuring opportunities for lifelong learning and skill development, with a particular focus on those employed in the manufacturing industry.<\/p>\n<h2 class=\"heading-delta h2\">Produktionslyftet<\/h2>\n<p class=\"lead-text\">The Production Boost is a comprehensive national program initiated by Teknikf\u00f6retagen and IF Metall in 2006.<\/p>\n<p>The aim is to increase productivity, competitiveness, and development capability in the Swedish industry, thereby strengthening the conditions for profitable production in Sweden.<\/p>\n<h2 class=\"h2\">REFUSE<\/h2>\n<p class=\"lead-text\">The project focuses on extending the lifespan of machining equipment in the Swedish automotive industry through smarter technical solutions.<\/p>\n<p>This initiative is a spinoff from the Next-Generation Driveline Production UDI Step 3 project, with an established network that, in certain aspects, can and should continue its involvement in this project to develop and implement reconfiguration and circularity.<\/p>\n<p>&nbsp;<\/p>\n<h2 class=\"h2\">Yrkestrainee Skaraborg<\/h2>\n<p class=\"lead-text\">The project aims to enhance students&#8217; interaction with the professional environment during their education by incorporating elements of courses into workplace settings.<\/p>\n<p>&#8220;The project aims to enhance students&#8217; interaction with the professional environment during their education by incorporating elements of courses into workplace settings.<\/p>\n<p>The educational framework will be developed during the project period, in close collaboration with partner companies.<\/p>\n<h2 class=\"h2\">Industriell Dynamik<\/h2>\n<p class=\"lead-text\">Your own advisor and practical support.<\/p>\n<p><a href=\"https:\/\/storage.googleapis.com\/idcab-se\/uploads\/2021\/03\/ID-logo-liggande.jpg\"><img loading=\"lazy\" decoding=\"async\" class=\"alignright wp-image-23930 size-medium\" src=\"https:\/\/storage.googleapis.com\/idcab-se\/uploads\/2021\/03\/ID-logo-liggande-300x74.jpg\" alt=\"\" width=\"300\" height=\"74\" srcset=\"https:\/\/storage.googleapis.com\/idcab-se\/uploads\/2021\/03\/ID-logo-liggande-300x74.jpg 300w, https:\/\/storage.googleapis.com\/idcab-se\/uploads\/2021\/03\/ID-logo-liggande-1024x254.jpg 1024w, https:\/\/storage.googleapis.com\/idcab-se\/uploads\/2021\/03\/ID-logo-liggande-768x191.jpg 768w, https:\/\/storage.googleapis.com\/idcab-se\/uploads\/2021\/03\/ID-logo-liggande-1536x381.jpg 1536w, https:\/\/storage.googleapis.com\/idcab-se\/uploads\/2021\/03\/ID-logo-liggande-2048x508.jpg 2048w\" sizes=\"(max-width: 300px) 100vw, 300px\" \/><\/a>Industrial Dynamics is a resource for technological and business development aimed at small and medium-sized industrial companies in the Region of V\u00e4stra G\u00f6taland. Networks offers free needs analysis and contact with experts within the right area.<\/p>\n<p>Contact with networks is useful, for example, by identifying problems or showing the way forward. IDC West Sweden AB is one of fourteen member organisations with experts within various areas.<\/p>\n<h2 class=\"h2\">Next generation powertrain production<\/h2>\n<p class=\"lead-text\">Part of Vinnova&#8217;s program Challenge-driven Innovation, step 3 &#8211; implementation.<\/p>\n<p>The automotive industry is in the middle of a technology shift towards electric powertrains. One of the big challenges to remain competitive in the technology change is to be able to cost-effectively convert existing production to the production of new powertrains.<\/p>\n<h2 class=\"h2\">Completed projects<\/h2>\n<p>Over the years, IDC has completed a number of projects, amongst others, Kompetensnavet, H\u00e5llbar industriell utveckling and M\u00f6belbruket.<\/p>\n<p><a class=\"btn-color-outline\" href=\"https:\/\/idcab.se\/en\/projekt-insatser\/avslutade-projekt\/\">Read more about our completed project<\/a><\/p>\n","protected":false},"excerpt":{"rendered":"<p>Projects and ventures IDC West Sweden is a development company for people in the manufacturing industry in Skaraborg. Our mission&#8230; <a href=\"https:\/\/idcab.se\/en\/projekt-insatser\/\">Read more<\/a><\/p>\n","protected":false},"author":1,"featured_media":0,"parent":0,"menu_order":0,"comment_status":"closed","ping_status":"closed","template":"","meta":{"footnotes":""},"class_list":["post-15434","page","type-page","status-publish","hentry"],"yoast_head":"<!-- This site is optimized with the Yoast SEO plugin v23.3 - https:\/\/yoast.com\/wordpress\/plugins\/seo\/ -->\n<title>Projects and ventures | IDC | Skaraborgs utvecklingsbolag f\u00f6r industrin<\/title>\n<meta name=\"description\" content=\"IDC driver projekt och insatser med fokus p\u00e5 utveckling, milj\u00f6, cirkul\u00e4r ekonomi, material, produktutveckling, kompetensf\u00f6rs\u00f6rjning, \u00e5terbruk &amp; h\u00e5llbarhet.\" \/>\n<meta name=\"robots\" content=\"index, follow, max-snippet:-1, max-image-preview:large, max-video-preview:-1\" \/>\n<link rel=\"canonical\" href=\"https:\/\/idcab.se\/en\/projekt-insatser\/\" \/>\n<meta property=\"og:locale\" content=\"en_US\" \/>\n<meta property=\"og:type\" content=\"article\" \/>\n<meta property=\"og:title\" content=\"Projects and ventures | IDC | Skaraborgs utvecklingsbolag f\u00f6r industrin\" \/>\n<meta property=\"og:description\" content=\"IDC driver projekt och insatser med fokus p\u00e5 utveckling, milj\u00f6, cirkul\u00e4r ekonomi, material, produktutveckling, kompetensf\u00f6rs\u00f6rjning, \u00e5terbruk &amp; h\u00e5llbarhet.\" \/>\n<meta property=\"og:url\" content=\"https:\/\/idcab.se\/en\/projekt-insatser\/\" \/>\n<meta property=\"og:site_name\" content=\"IDC | Skaraborgs utvecklingsbolag f\u00f6r industrin\" \/>\n<meta property=\"article:publisher\" content=\"https:\/\/www.facebook.com\/IDC-West-Sweden-AB-126935520693598\/?fref=ts\" \/>\n<meta property=\"article:modified_time\" content=\"2024-03-04T15:19:58+00:00\" \/>\n<meta property=\"og:image\" content=\"https:\/\/storage.googleapis.com\/idcab-se\/uploads\/2021\/03\/ID-logo-liggande-300x74.jpg\" \/>\n<meta name=\"twitter:card\" content=\"summary_large_image\" \/>\n<meta name=\"twitter:label1\" content=\"Est. reading time\" \/>\n\t<meta name=\"twitter:data1\" content=\"3 minutes\" \/>\n<script type=\"application\/ld+json\" class=\"yoast-schema-graph\">{\"@context\":\"https:\/\/schema.org\",\"@graph\":[{\"@type\":\"WebPage\",\"@id\":\"https:\/\/idcab.se\/en\/projekt-insatser\/\",\"url\":\"https:\/\/idcab.se\/en\/projekt-insatser\/\",\"name\":\"Projects and ventures | IDC | Skaraborgs utvecklingsbolag f\u00f6r industrin\",\"isPartOf\":{\"@id\":\"https:\/\/idcab.se\/en\/#website\"},\"primaryImageOfPage\":{\"@id\":\"https:\/\/idcab.se\/en\/projekt-insatser\/#primaryimage\"},\"image\":{\"@id\":\"https:\/\/idcab.se\/en\/projekt-insatser\/#primaryimage\"},\"thumbnailUrl\":\"https:\/\/storage.googleapis.com\/idcab-se\/uploads\/2021\/03\/ID-logo-liggande-300x74.jpg\",\"datePublished\":\"2017-05-08T15:50:11+00:00\",\"dateModified\":\"2024-03-04T15:19:58+00:00\",\"description\":\"IDC driver projekt och insatser med fokus p\u00e5 utveckling, milj\u00f6, cirkul\u00e4r ekonomi, material, produktutveckling, kompetensf\u00f6rs\u00f6rjning, \u00e5terbruk & h\u00e5llbarhet.\",\"breadcrumb\":{\"@id\":\"https:\/\/idcab.se\/en\/projekt-insatser\/#breadcrumb\"},\"inLanguage\":\"en-US\",\"potentialAction\":[{\"@type\":\"ReadAction\",\"target\":[\"https:\/\/idcab.se\/en\/projekt-insatser\/\"]}]},{\"@type\":\"ImageObject\",\"inLanguage\":\"en-US\",\"@id\":\"https:\/\/idcab.se\/en\/projekt-insatser\/#primaryimage\",\"url\":\"https:\/\/storage.googleapis.com\/idcab-se\/uploads\/2021\/03\/ID-logo-liggande-300x74.jpg\",\"contentUrl\":\"https:\/\/storage.googleapis.com\/idcab-se\/uploads\/2021\/03\/ID-logo-liggande-300x74.jpg\"},{\"@type\":\"BreadcrumbList\",\"@id\":\"https:\/\/idcab.se\/en\/projekt-insatser\/#breadcrumb\",\"itemListElement\":[{\"@type\":\"ListItem\",\"position\":1,\"name\":\"Hem\",\"item\":\"https:\/\/idcab.se\/en\/\"},{\"@type\":\"ListItem\",\"position\":2,\"name\":\"Projects and ventures\"}]},{\"@type\":\"WebSite\",\"@id\":\"https:\/\/idcab.se\/en\/#website\",\"url\":\"https:\/\/idcab.se\/en\/\",\"name\":\"IDC | Skaraborgs utvecklingsbolag f\u00f6r industrin\",\"description\":\"IDC | Skaraborgs utvecklingsbolag f\u00f6r industrin\",\"publisher\":{\"@id\":\"https:\/\/idcab.se\/en\/#organization\"},\"potentialAction\":[{\"@type\":\"SearchAction\",\"target\":{\"@type\":\"EntryPoint\",\"urlTemplate\":\"https:\/\/idcab.se\/en\/?s={search_term_string}\"},\"query-input\":\"required name=search_term_string\"}],\"inLanguage\":\"en-US\"},{\"@type\":\"Organization\",\"@id\":\"https:\/\/idcab.se\/en\/#organization\",\"name\":\"IDC - Industrial Development Center West Sweden AB\",\"url\":\"https:\/\/idcab.se\/en\/\",\"logo\":{\"@type\":\"ImageObject\",\"inLanguage\":\"en-US\",\"@id\":\"https:\/\/idcab.se\/en\/#\/schema\/logo\/image\/\",\"url\":\"https:\/\/storage.googleapis.com\/idcab-se\/uploads\/2017\/06\/idc-logo-large.png\",\"contentUrl\":\"https:\/\/storage.googleapis.com\/idcab-se\/uploads\/2017\/06\/idc-logo-large.png\",\"width\":840,\"height\":370,\"caption\":\"IDC - Industrial Development Center West Sweden AB\"},\"image\":{\"@id\":\"https:\/\/idcab.se\/en\/#\/schema\/logo\/image\/\"},\"sameAs\":[\"https:\/\/www.facebook.com\/IDC-West-Sweden-AB-126935520693598\/?fref=ts\",\"https:\/\/www.linkedin.com\/company\/1178676\/\"]}]}<\/script>\n<!-- \/ Yoast SEO plugin. -->","yoast_head_json":{"title":"Projects and ventures | IDC | Skaraborgs utvecklingsbolag f\u00f6r industrin","description":"IDC driver projekt och insatser med fokus p\u00e5 utveckling, milj\u00f6, cirkul\u00e4r ekonomi, material, produktutveckling, kompetensf\u00f6rs\u00f6rjning, \u00e5terbruk & h\u00e5llbarhet.","robots":{"index":"index","follow":"follow","max-snippet":"max-snippet:-1","max-image-preview":"max-image-preview:large","max-video-preview":"max-video-preview:-1"},"canonical":"https:\/\/idcab.se\/en\/projekt-insatser\/","og_locale":"en_US","og_type":"article","og_title":"Projects and ventures | IDC | Skaraborgs utvecklingsbolag f\u00f6r industrin","og_description":"IDC driver projekt och insatser med fokus p\u00e5 utveckling, milj\u00f6, cirkul\u00e4r ekonomi, material, produktutveckling, kompetensf\u00f6rs\u00f6rjning, \u00e5terbruk & h\u00e5llbarhet.","og_url":"https:\/\/idcab.se\/en\/projekt-insatser\/","og_site_name":"IDC | Skaraborgs utvecklingsbolag f\u00f6r industrin","article_publisher":"https:\/\/www.facebook.com\/IDC-West-Sweden-AB-126935520693598\/?fref=ts","article_modified_time":"2024-03-04T15:19:58+00:00","og_image":[{"url":"https:\/\/storage.googleapis.com\/idcab-se\/uploads\/2021\/03\/ID-logo-liggande-300x74.jpg"}],"twitter_card":"summary_large_image","twitter_misc":{"Est. reading time":"3 minutes"},"schema":{"@context":"https:\/\/schema.org","@graph":[{"@type":"WebPage","@id":"https:\/\/idcab.se\/en\/projekt-insatser\/","url":"https:\/\/idcab.se\/en\/projekt-insatser\/","name":"Projects and ventures | IDC | Skaraborgs utvecklingsbolag f\u00f6r industrin","isPartOf":{"@id":"https:\/\/idcab.se\/en\/#website"},"primaryImageOfPage":{"@id":"https:\/\/idcab.se\/en\/projekt-insatser\/#primaryimage"},"image":{"@id":"https:\/\/idcab.se\/en\/projekt-insatser\/#primaryimage"},"thumbnailUrl":"https:\/\/storage.googleapis.com\/idcab-se\/uploads\/2021\/03\/ID-logo-liggande-300x74.jpg","datePublished":"2017-05-08T15:50:11+00:00","dateModified":"2024-03-04T15:19:58+00:00","description":"IDC driver projekt och insatser med fokus p\u00e5 utveckling, milj\u00f6, cirkul\u00e4r ekonomi, material, produktutveckling, kompetensf\u00f6rs\u00f6rjning, \u00e5terbruk & h\u00e5llbarhet.","breadcrumb":{"@id":"https:\/\/idcab.se\/en\/projekt-insatser\/#breadcrumb"},"inLanguage":"en-US","potentialAction":[{"@type":"ReadAction","target":["https:\/\/idcab.se\/en\/projekt-insatser\/"]}]},{"@type":"ImageObject","inLanguage":"en-US","@id":"https:\/\/idcab.se\/en\/projekt-insatser\/#primaryimage","url":"https:\/\/storage.googleapis.com\/idcab-se\/uploads\/2021\/03\/ID-logo-liggande-300x74.jpg","contentUrl":"https:\/\/storage.googleapis.com\/idcab-se\/uploads\/2021\/03\/ID-logo-liggande-300x74.jpg"},{"@type":"BreadcrumbList","@id":"https:\/\/idcab.se\/en\/projekt-insatser\/#breadcrumb","itemListElement":[{"@type":"ListItem","position":1,"name":"Hem","item":"https:\/\/idcab.se\/en\/"},{"@type":"ListItem","position":2,"name":"Projects and ventures"}]},{"@type":"WebSite","@id":"https:\/\/idcab.se\/en\/#website","url":"https:\/\/idcab.se\/en\/","name":"IDC | Skaraborgs utvecklingsbolag f\u00f6r industrin","description":"IDC | Skaraborgs utvecklingsbolag f\u00f6r industrin","publisher":{"@id":"https:\/\/idcab.se\/en\/#organization"},"potentialAction":[{"@type":"SearchAction","target":{"@type":"EntryPoint","urlTemplate":"https:\/\/idcab.se\/en\/?s={search_term_string}"},"query-input":"required name=search_term_string"}],"inLanguage":"en-US"},{"@type":"Organization","@id":"https:\/\/idcab.se\/en\/#organization","name":"IDC - Industrial Development Center West Sweden AB","url":"https:\/\/idcab.se\/en\/","logo":{"@type":"ImageObject","inLanguage":"en-US","@id":"https:\/\/idcab.se\/en\/#\/schema\/logo\/image\/","url":"https:\/\/storage.googleapis.com\/idcab-se\/uploads\/2017\/06\/idc-logo-large.png","contentUrl":"https:\/\/storage.googleapis.com\/idcab-se\/uploads\/2017\/06\/idc-logo-large.png","width":840,"height":370,"caption":"IDC - Industrial Development Center West Sweden AB"},"image":{"@id":"https:\/\/idcab.se\/en\/#\/schema\/logo\/image\/"},"sameAs":["https:\/\/www.facebook.com\/IDC-West-Sweden-AB-126935520693598\/?fref=ts","https:\/\/www.linkedin.com\/company\/1178676\/"]}]}},"_links":{"self":[{"href":"https:\/\/idcab.se\/en\/wp-json\/wp\/v2\/pages\/15434"}],"collection":[{"href":"https:\/\/idcab.se\/en\/wp-json\/wp\/v2\/pages"}],"about":[{"href":"https:\/\/idcab.se\/en\/wp-json\/wp\/v2\/types\/page"}],"author":[{"embeddable":true,"href":"https:\/\/idcab.se\/en\/wp-json\/wp\/v2\/users\/1"}],"replies":[{"embeddable":true,"href":"https:\/\/idcab.se\/en\/wp-json\/wp\/v2\/comments?post=15434"}],"version-history":[{"count":5,"href":"https:\/\/idcab.se\/en\/wp-json\/wp\/v2\/pages\/15434\/revisions"}],"predecessor-version":[{"id":34436,"href":"https:\/\/idcab.se\/en\/wp-json\/wp\/v2\/pages\/15434\/revisions\/34436"}],"wp:attachment":[{"href":"https:\/\/idcab.se\/en\/wp-json\/wp\/v2\/media?parent=15434"}],"curies":[{"name":"wp","href":"https:\/\/api.w.org\/{rel}","templated":true}]}}