{"id":15432,"date":"2017-05-08T17:46:15","date_gmt":"2017-05-08T15:46:15","guid":{"rendered":"https:\/\/idcab.se\/idc-for-industrin\/"},"modified":"2023-06-22T12:22:16","modified_gmt":"2023-06-22T10:22:16","slug":"idc-for-industrin","status":"publish","type":"page","link":"https:\/\/idcab.se\/en\/idc-for-industrin\/","title":{"rendered":"IDC for the industry"},"content":{"rendered":"<h1><strong>IDC for the industry<\/strong><\/h1>\n<p class=\"lead-text\">IDC West Sweden is a development company for people in the manufacturing industry in Skaraborg. Our mission is to strengthen the competitiveness and profitability of the manufacturing industry companies in Skaraborg.<\/p>\n<p>We are owned by approximately 160 small and medium-sized manufacturing industry companies in Skaraborg and we are a non-profit organisation. Our model consists of giving help to self-help and what we need is that our partner companies want to develop \u2013 for a sustainable future industry.<\/p>\n<p>As co-workers of IDC, we run a number of exciting development ventures together with our partner companies focussing on different areas such as development, the environment, circular economy, materials, product development, strategic competence provision,\u00a0 production efficiency, re-cycling, markets and social sustainability.<\/p>\n<p><a href=\"https:\/\/storage.googleapis.com\/idcab-se\/uploads\/2017\/05\/arbetsmodell-rgb-1.png\"><img loading=\"lazy\" decoding=\"async\" class=\"wp-image-6891 size-medium alignright\" src=\"https:\/\/storage.googleapis.com\/idcab-se\/uploads\/2017\/05\/arbetsmodell-rgb-1-300x181.png\" alt=\"arbetsmodell rgb\" width=\"300\" height=\"181\" srcset=\"https:\/\/storage.googleapis.com\/idcab-se\/uploads\/2017\/05\/arbetsmodell-rgb-1-300x181.png 300w, https:\/\/storage.googleapis.com\/idcab-se\/uploads\/2017\/05\/arbetsmodell-rgb-1-768x463.png 768w, https:\/\/storage.googleapis.com\/idcab-se\/uploads\/2017\/05\/arbetsmodell-rgb-1-1024x618.png 1024w, https:\/\/storage.googleapis.com\/idcab-se\/uploads\/2017\/05\/arbetsmodell-rgb-1-450x270.png 450w\" sizes=\"(max-width: 300px) 100vw, 300px\" \/><\/a><\/p>\n<h5><strong>All development paths<\/strong><strong>\u00a0are different<\/strong><\/h5>\n<p>We are often seen as a \u201djunction box\u201d in which the needs of the industry companies are actively identified and connected with resources for development. When their needs are identified, we have a number of tested tools, large networks and broad competence that we can use to give the companies the \u201dhelp to self-help\u201d that they need. We focus on long-term strengthening and learning interventions.<\/p>\n<h5><strong>Coaching on the journey <\/strong><\/h5>\n<p>A development journey with IDC also entails coaching and support all the way within all areas, issues and challenges.<\/p>\n<p>&nbsp;<\/p>\n<h2><strong>Analysis and Coaching<\/strong><\/h2>\n<p>We are often seen as a \u201djunction box\u201d in which the needs of the industrial companies are actively identified and connected with resources for development. Our working model is based on the philosophy of \u201dhelp to self-help\u201d. We focus on long-term strengthening and learning interventions. That is how we drive development and create sustainable value.<\/p>\n<h2><strong>Benefits and Funding<\/strong><\/h2>\n<p>We support our partner companies in their funding applications. We do not distribute our own money but we have a good overview of the possibilities for funding which are available to our partner companies. We willingly give advice concerning funding solutions which are current and even give support during the application process.<\/p>\n<h2><strong>Competence development<\/strong><\/h2>\n<p>IDC offers its partner companies opportunities for competence development through training, focus meetings, theme meetings and inspirational seminars. We co-ordinate training in connection with various others, amongst others, the University of Sk\u00f6vde. Our position is that everything we offer within competence development is to be based on the needs of our partner companies.<\/p>\n<p>Furthermore, we give advice concerning training and events which are arranged by others, but which can be useful and inspirational to people in our partner companies.<\/p>\n<h2><strong>Networks<\/strong><\/h2>\n<p>We work for collaberation in everything we do. Our networks are a natural way for us to cluster and create commitment with the aim to strengthen, in the long-term, our partner companies and meet their needs. We offer networks within areas such as CEO\/surroundings, production technology, purchasing, and production-technological networks.<\/p>\n","protected":false},"excerpt":{"rendered":"<p>IDC for the industry IDC West Sweden is a development company for people in the manufacturing industry in Skaraborg. Our&#8230; <a href=\"https:\/\/idcab.se\/en\/idc-for-industrin\/\">Read more<\/a><\/p>\n","protected":false},"author":1,"featured_media":0,"parent":0,"menu_order":0,"comment_status":"closed","ping_status":"closed","template":"","meta":{"footnotes":""},"class_list":["post-15432","page","type-page","status-publish","hentry"],"yoast_head":"<!-- This site is optimized with the Yoast SEO plugin v23.3 - https:\/\/yoast.com\/wordpress\/plugins\/seo\/ -->\n<title>IDC for the industry | IDC | Skaraborgs utvecklingsbolag f\u00f6r industrin<\/title>\n<meta name=\"description\" content=\"Vi har utvecklat arbetss\u00e4tt som anpassas till varje f\u00f6retags egna situation. Varje del\u00e4gares utvecklingsresa med IDC \u00e4r unik, ingen karta \u00e4r den andra lik.\" \/>\n<meta name=\"robots\" content=\"index, follow, max-snippet:-1, max-image-preview:large, max-video-preview:-1\" \/>\n<link rel=\"canonical\" href=\"https:\/\/idcab.se\/en\/idc-for-industrin\/\" \/>\n<meta property=\"og:locale\" content=\"en_US\" \/>\n<meta property=\"og:type\" content=\"article\" \/>\n<meta property=\"og:title\" content=\"IDC for the industry | IDC | Skaraborgs utvecklingsbolag f\u00f6r industrin\" \/>\n<meta property=\"og:description\" content=\"Vi har utvecklat arbetss\u00e4tt som anpassas till varje f\u00f6retags egna situation. Varje del\u00e4gares utvecklingsresa med IDC \u00e4r unik, ingen karta \u00e4r den andra lik.\" \/>\n<meta property=\"og:url\" content=\"https:\/\/idcab.se\/en\/idc-for-industrin\/\" \/>\n<meta property=\"og:site_name\" content=\"IDC | Skaraborgs utvecklingsbolag f\u00f6r industrin\" \/>\n<meta property=\"article:publisher\" content=\"https:\/\/www.facebook.com\/IDC-West-Sweden-AB-126935520693598\/?fref=ts\" \/>\n<meta property=\"article:modified_time\" content=\"2023-06-22T10:22:16+00:00\" \/>\n<meta property=\"og:image\" content=\"https:\/\/storage.googleapis.com\/idcab-se\/uploads\/2017\/05\/arbetsmodell-rgb-1-300x181.png\" \/>\n<meta name=\"twitter:card\" content=\"summary_large_image\" \/>\n<meta name=\"twitter:label1\" content=\"Est. reading time\" \/>\n\t<meta name=\"twitter:data1\" content=\"3 minutes\" \/>\n<script type=\"application\/ld+json\" class=\"yoast-schema-graph\">{\"@context\":\"https:\/\/schema.org\",\"@graph\":[{\"@type\":\"WebPage\",\"@id\":\"https:\/\/idcab.se\/en\/idc-for-industrin\/\",\"url\":\"https:\/\/idcab.se\/en\/idc-for-industrin\/\",\"name\":\"IDC for the industry | IDC | Skaraborgs utvecklingsbolag f\u00f6r industrin\",\"isPartOf\":{\"@id\":\"https:\/\/idcab.se\/en\/#website\"},\"primaryImageOfPage\":{\"@id\":\"https:\/\/idcab.se\/en\/idc-for-industrin\/#primaryimage\"},\"image\":{\"@id\":\"https:\/\/idcab.se\/en\/idc-for-industrin\/#primaryimage\"},\"thumbnailUrl\":\"https:\/\/storage.googleapis.com\/idcab-se\/uploads\/2017\/05\/arbetsmodell-rgb-1-300x181.png\",\"datePublished\":\"2017-05-08T15:46:15+00:00\",\"dateModified\":\"2023-06-22T10:22:16+00:00\",\"description\":\"Vi har utvecklat arbetss\u00e4tt som anpassas till varje f\u00f6retags egna situation. Varje del\u00e4gares utvecklingsresa med IDC \u00e4r unik, ingen karta \u00e4r den andra lik.\",\"breadcrumb\":{\"@id\":\"https:\/\/idcab.se\/en\/idc-for-industrin\/#breadcrumb\"},\"inLanguage\":\"en-US\",\"potentialAction\":[{\"@type\":\"ReadAction\",\"target\":[\"https:\/\/idcab.se\/en\/idc-for-industrin\/\"]}]},{\"@type\":\"ImageObject\",\"inLanguage\":\"en-US\",\"@id\":\"https:\/\/idcab.se\/en\/idc-for-industrin\/#primaryimage\",\"url\":\"https:\/\/storage.googleapis.com\/idcab-se\/uploads\/2017\/05\/arbetsmodell-rgb-1-300x181.png\",\"contentUrl\":\"https:\/\/storage.googleapis.com\/idcab-se\/uploads\/2017\/05\/arbetsmodell-rgb-1-300x181.png\"},{\"@type\":\"BreadcrumbList\",\"@id\":\"https:\/\/idcab.se\/en\/idc-for-industrin\/#breadcrumb\",\"itemListElement\":[{\"@type\":\"ListItem\",\"position\":1,\"name\":\"Hem\",\"item\":\"https:\/\/idcab.se\/en\/\"},{\"@type\":\"ListItem\",\"position\":2,\"name\":\"IDC for the industry\"}]},{\"@type\":\"WebSite\",\"@id\":\"https:\/\/idcab.se\/en\/#website\",\"url\":\"https:\/\/idcab.se\/en\/\",\"name\":\"IDC | Skaraborgs utvecklingsbolag f\u00f6r industrin\",\"description\":\"IDC | Skaraborgs utvecklingsbolag f\u00f6r industrin\",\"publisher\":{\"@id\":\"https:\/\/idcab.se\/en\/#organization\"},\"potentialAction\":[{\"@type\":\"SearchAction\",\"target\":{\"@type\":\"EntryPoint\",\"urlTemplate\":\"https:\/\/idcab.se\/en\/?s={search_term_string}\"},\"query-input\":\"required name=search_term_string\"}],\"inLanguage\":\"en-US\"},{\"@type\":\"Organization\",\"@id\":\"https:\/\/idcab.se\/en\/#organization\",\"name\":\"IDC - Industrial Development Center West Sweden AB\",\"url\":\"https:\/\/idcab.se\/en\/\",\"logo\":{\"@type\":\"ImageObject\",\"inLanguage\":\"en-US\",\"@id\":\"https:\/\/idcab.se\/en\/#\/schema\/logo\/image\/\",\"url\":\"https:\/\/storage.googleapis.com\/idcab-se\/uploads\/2017\/06\/idc-logo-large.png\",\"contentUrl\":\"https:\/\/storage.googleapis.com\/idcab-se\/uploads\/2017\/06\/idc-logo-large.png\",\"width\":840,\"height\":370,\"caption\":\"IDC - Industrial Development Center West Sweden AB\"},\"image\":{\"@id\":\"https:\/\/idcab.se\/en\/#\/schema\/logo\/image\/\"},\"sameAs\":[\"https:\/\/www.facebook.com\/IDC-West-Sweden-AB-126935520693598\/?fref=ts\",\"https:\/\/www.linkedin.com\/company\/1178676\/\"]}]}<\/script>\n<!-- \/ Yoast SEO plugin. -->","yoast_head_json":{"title":"IDC for the industry | IDC | Skaraborgs utvecklingsbolag f\u00f6r industrin","description":"Vi har utvecklat arbetss\u00e4tt som anpassas till varje f\u00f6retags egna situation. Varje del\u00e4gares utvecklingsresa med IDC \u00e4r unik, ingen karta \u00e4r den andra lik.","robots":{"index":"index","follow":"follow","max-snippet":"max-snippet:-1","max-image-preview":"max-image-preview:large","max-video-preview":"max-video-preview:-1"},"canonical":"https:\/\/idcab.se\/en\/idc-for-industrin\/","og_locale":"en_US","og_type":"article","og_title":"IDC for the industry | IDC | Skaraborgs utvecklingsbolag f\u00f6r industrin","og_description":"Vi har utvecklat arbetss\u00e4tt som anpassas till varje f\u00f6retags egna situation. Varje del\u00e4gares utvecklingsresa med IDC \u00e4r unik, ingen karta \u00e4r den andra lik.","og_url":"https:\/\/idcab.se\/en\/idc-for-industrin\/","og_site_name":"IDC | Skaraborgs utvecklingsbolag f\u00f6r industrin","article_publisher":"https:\/\/www.facebook.com\/IDC-West-Sweden-AB-126935520693598\/?fref=ts","article_modified_time":"2023-06-22T10:22:16+00:00","og_image":[{"url":"https:\/\/storage.googleapis.com\/idcab-se\/uploads\/2017\/05\/arbetsmodell-rgb-1-300x181.png"}],"twitter_card":"summary_large_image","twitter_misc":{"Est. reading time":"3 minutes"},"schema":{"@context":"https:\/\/schema.org","@graph":[{"@type":"WebPage","@id":"https:\/\/idcab.se\/en\/idc-for-industrin\/","url":"https:\/\/idcab.se\/en\/idc-for-industrin\/","name":"IDC for the industry | IDC | Skaraborgs utvecklingsbolag f\u00f6r industrin","isPartOf":{"@id":"https:\/\/idcab.se\/en\/#website"},"primaryImageOfPage":{"@id":"https:\/\/idcab.se\/en\/idc-for-industrin\/#primaryimage"},"image":{"@id":"https:\/\/idcab.se\/en\/idc-for-industrin\/#primaryimage"},"thumbnailUrl":"https:\/\/storage.googleapis.com\/idcab-se\/uploads\/2017\/05\/arbetsmodell-rgb-1-300x181.png","datePublished":"2017-05-08T15:46:15+00:00","dateModified":"2023-06-22T10:22:16+00:00","description":"Vi har utvecklat arbetss\u00e4tt som anpassas till varje f\u00f6retags egna situation. Varje del\u00e4gares utvecklingsresa med IDC \u00e4r unik, ingen karta \u00e4r den andra lik.","breadcrumb":{"@id":"https:\/\/idcab.se\/en\/idc-for-industrin\/#breadcrumb"},"inLanguage":"en-US","potentialAction":[{"@type":"ReadAction","target":["https:\/\/idcab.se\/en\/idc-for-industrin\/"]}]},{"@type":"ImageObject","inLanguage":"en-US","@id":"https:\/\/idcab.se\/en\/idc-for-industrin\/#primaryimage","url":"https:\/\/storage.googleapis.com\/idcab-se\/uploads\/2017\/05\/arbetsmodell-rgb-1-300x181.png","contentUrl":"https:\/\/storage.googleapis.com\/idcab-se\/uploads\/2017\/05\/arbetsmodell-rgb-1-300x181.png"},{"@type":"BreadcrumbList","@id":"https:\/\/idcab.se\/en\/idc-for-industrin\/#breadcrumb","itemListElement":[{"@type":"ListItem","position":1,"name":"Hem","item":"https:\/\/idcab.se\/en\/"},{"@type":"ListItem","position":2,"name":"IDC for the industry"}]},{"@type":"WebSite","@id":"https:\/\/idcab.se\/en\/#website","url":"https:\/\/idcab.se\/en\/","name":"IDC | Skaraborgs utvecklingsbolag f\u00f6r industrin","description":"IDC | Skaraborgs utvecklingsbolag f\u00f6r industrin","publisher":{"@id":"https:\/\/idcab.se\/en\/#organization"},"potentialAction":[{"@type":"SearchAction","target":{"@type":"EntryPoint","urlTemplate":"https:\/\/idcab.se\/en\/?s={search_term_string}"},"query-input":"required name=search_term_string"}],"inLanguage":"en-US"},{"@type":"Organization","@id":"https:\/\/idcab.se\/en\/#organization","name":"IDC - Industrial Development Center West Sweden AB","url":"https:\/\/idcab.se\/en\/","logo":{"@type":"ImageObject","inLanguage":"en-US","@id":"https:\/\/idcab.se\/en\/#\/schema\/logo\/image\/","url":"https:\/\/storage.googleapis.com\/idcab-se\/uploads\/2017\/06\/idc-logo-large.png","contentUrl":"https:\/\/storage.googleapis.com\/idcab-se\/uploads\/2017\/06\/idc-logo-large.png","width":840,"height":370,"caption":"IDC - Industrial Development Center West Sweden AB"},"image":{"@id":"https:\/\/idcab.se\/en\/#\/schema\/logo\/image\/"},"sameAs":["https:\/\/www.facebook.com\/IDC-West-Sweden-AB-126935520693598\/?fref=ts","https:\/\/www.linkedin.com\/company\/1178676\/"]}]}},"_links":{"self":[{"href":"https:\/\/idcab.se\/en\/wp-json\/wp\/v2\/pages\/15432"}],"collection":[{"href":"https:\/\/idcab.se\/en\/wp-json\/wp\/v2\/pages"}],"about":[{"href":"https:\/\/idcab.se\/en\/wp-json\/wp\/v2\/types\/page"}],"author":[{"embeddable":true,"href":"https:\/\/idcab.se\/en\/wp-json\/wp\/v2\/users\/1"}],"replies":[{"embeddable":true,"href":"https:\/\/idcab.se\/en\/wp-json\/wp\/v2\/comments?post=15432"}],"version-history":[{"count":6,"href":"https:\/\/idcab.se\/en\/wp-json\/wp\/v2\/pages\/15432\/revisions"}],"predecessor-version":[{"id":22639,"href":"https:\/\/idcab.se\/en\/wp-json\/wp\/v2\/pages\/15432\/revisions\/22639"}],"wp:attachment":[{"href":"https:\/\/idcab.se\/en\/wp-json\/wp\/v2\/media?parent=15432"}],"curies":[{"name":"wp","href":"https:\/\/api.w.org\/{rel}","templated":true}]}}