{"id":15430,"date":"2017-05-08T17:32:58","date_gmt":"2017-05-08T15:32:58","guid":{"rendered":"https:\/\/idcab.se\/vi-ar-idc\/"},"modified":"2023-12-07T18:25:51","modified_gmt":"2023-12-07T17:25:51","slug":"vi-ar-idc","status":"publish","type":"page","link":"https:\/\/idcab.se\/en\/vi-ar-idc\/","title":{"rendered":"We are IDC"},"content":{"rendered":"<h1><strong>We are IDC<\/strong><\/h1>\n<p class=\"lead-text\">IDC West Sweden is a development company for people in the manufacturing industry in Skaraborg. Our mission is to strengthen the competitiveness and profitability of the manufacturing industry companies in Skaraborg.<\/p>\n<p>We are owned by approximately 160 small and medium-sized manufacturing industry companies, run by 22 co-workers and we are a non-profit organisation. Our model consists of giving help to self-help and what we need is that our partner companies want to develop \u2013 for a sustainable future industry.<\/p>\n<p>For over 10 years, we have worked to support manufacturing industry companies in Skaraborg; we are there for them and together we will develop and grow. With dedicated commitment, we work for collaboration which drives inclusive development that results in the sustainable creation of value.<\/p>\n<blockquote><p>Our mission is a to strengthen, in the long-term, the competitiveness and profitability of the manufacturing industry companies in Skaraborg.<\/p><\/blockquote>\n<h2><strong>Our co-workers<\/strong><\/h2>\n<p>IDC\u2019s co-workers comprise a group of people with diverse personalities and competences. Our backgrounds and our experiences cover several areas of expertise. We appreciate that we have fun together and that everyone feels that they belong.<\/p>\n<h2><strong>Our partners<\/strong><\/h2>\n<p>We are owned by approximately 160 partner companies around Skaraborg and we are a non-profit making organisation for which the companies\u2019 needs are our challenge. We work for the growth of the whole of the Skaraborg region and we collaborate with others. We are driven by a strong commitment that the industry in Skaraborg will increase its competitiveness and profitability in an increasingly global market. Our possibilities for increased funding and development aid will increase with the number of partner companies. <a href=\"https:\/\/storage.googleapis.com\/idcab-se\/uploads\/2021\/01\/IDC-bli-delagare-webb-en.pdf\" target=\"_blank\" rel=\"noopener\">Become partner.<\/a><\/p>\n<blockquote><p>In short \u2013 the bigger we get, the stronger we\u2019ll become.<\/p><\/blockquote>\n<p>&nbsp;<\/p>\n<h2><strong>Our financiers<\/strong><\/h2>\n<p>Our business is non-profit making, we are owned and exist for our partner companies and their needs. To a large extent, we are funded by public funds from, amongst others, Region V\u00e4stra G\u00f6taland, Skaraborg Local Authority, the Municipality of Sk\u00f6vde, EU Structural Funds and Vinnova.<\/p>\n<h2><strong>Our Board of Directors<\/strong><\/h2>\n<p>Our Board comprises a number of members with a lot of experience and knowledge about the industry in Skaraborg.<\/p>\n<p>The members are:<\/p>\n<ul>\n<li>Jennifer Ottosson, TI Automotive<\/li>\n<li>Fredrik L\u00f6\u00f6f, Witte Industrier<\/li>\n<li>Johan Dahlberg, NOAS Sweden<\/li>\n<li>Gabriel Skarb\u00e4ck, V\u00e4stra G\u00f6talandsregionen<\/li>\n<li>Sammy Tanhua, Sk\u00f6vde Energi AB<\/li>\n<li>Jerker Andersson Liljestrand, Kommundirekt\u00f6r<\/li>\n<li>Tehseen Aslam, H\u00f6gskolan i Sk\u00f6vde<\/li>\n<li>Thomas Sj\u00f6qvist, AB Volvo<\/li>\n<\/ul>\n<h2><strong>Our collaborating partners<\/strong><\/h2>\n<p>We collaborate with a number of business associates both within and outside the Skaraborg region in order to develop and offer our partner companies the best possible support.<\/p>\n<ul>\n<li>ALMI V\u00e4st<\/li>\n<li>Balthazar Science Center<\/li>\n<li>Big Science Sweden<\/li>\n<li>Business Region Skaraborg<\/li>\n<li>Business Region G\u00f6teborg<\/li>\n<li>Connect Sverige Region V\u00e4st<\/li>\n<li>Drivhuset Skaraborg<\/li>\n<li>EIT Manufacturing<\/li>\n<li>EDCS<\/li>\n<li>H\u00f6gskolan i Sk\u00f6vde<\/li>\n<li>INNOVATUM<\/li>\n<li>Science Park Bor\u00e5s<\/li>\n<li>Science Park Sk\u00f6vde<\/li>\n<li>Teknikcollege Skaraborg<\/li>\n<\/ul>\n<p>&nbsp;<\/p>\n<h2>Integrity policy<\/h2>\n<p>IDC West Sweden cares about your integrity and it is responsible for the personal data you have given us. We would like you to feel safe concerning your integrity. The company\u2019s treatment of customer data adheres to the Data Protection Regulation (EU) 2016\/679.<\/p>\n<p><a class=\"btn-color-outline\" href=\"https:\/\/idcab.se\/en\/integritetspolicy\/\">Read our full integrity policy<\/a><\/p>\n","protected":false},"excerpt":{"rendered":"<p>We are IDC IDC West Sweden is a development company for people in the manufacturing industry in Skaraborg. Our mission&#8230; <a href=\"https:\/\/idcab.se\/en\/vi-ar-idc\/\">Read more<\/a><\/p>\n","protected":false},"author":1,"featured_media":0,"parent":0,"menu_order":0,"comment_status":"closed","ping_status":"closed","template":"","meta":{"footnotes":""},"class_list":["post-15430","page","type-page","status-publish","hentry"],"yoast_head":"<!-- This site is optimized with the Yoast SEO plugin v23.3 - https:\/\/yoast.com\/wordpress\/plugins\/seo\/ -->\n<title>We are IDC | IDC | Skaraborgs utvecklingsbolag f\u00f6r industrin<\/title>\n<meta name=\"description\" content=\"Vi \u00e4gs av cirka 150 sm\u00e5 och medelstora tillverkande industrif\u00f6retag, drivs av 22 medarbetare och vi \u00e4r inte vinstdrivande. Skaraborgs utvecklingsbolag.\" \/>\n<meta name=\"robots\" content=\"index, follow, max-snippet:-1, max-image-preview:large, max-video-preview:-1\" \/>\n<link rel=\"canonical\" href=\"https:\/\/idcab.se\/en\/vi-ar-idc\/\" \/>\n<meta property=\"og:locale\" content=\"en_US\" \/>\n<meta property=\"og:type\" content=\"article\" \/>\n<meta property=\"og:title\" content=\"We are IDC | IDC | Skaraborgs utvecklingsbolag f\u00f6r industrin\" \/>\n<meta property=\"og:description\" content=\"Vi \u00e4gs av cirka 150 sm\u00e5 och medelstora tillverkande industrif\u00f6retag, drivs av 22 medarbetare och vi \u00e4r inte vinstdrivande. Skaraborgs utvecklingsbolag.\" \/>\n<meta property=\"og:url\" content=\"https:\/\/idcab.se\/en\/vi-ar-idc\/\" \/>\n<meta property=\"og:site_name\" content=\"IDC | Skaraborgs utvecklingsbolag f\u00f6r industrin\" \/>\n<meta property=\"article:publisher\" content=\"https:\/\/www.facebook.com\/IDC-West-Sweden-AB-126935520693598\/?fref=ts\" \/>\n<meta property=\"article:modified_time\" content=\"2023-12-07T17:25:51+00:00\" \/>\n<meta name=\"twitter:card\" content=\"summary_large_image\" \/>\n<meta name=\"twitter:label1\" content=\"Est. reading time\" \/>\n\t<meta name=\"twitter:data1\" content=\"3 minutes\" \/>\n<script type=\"application\/ld+json\" class=\"yoast-schema-graph\">{\"@context\":\"https:\/\/schema.org\",\"@graph\":[{\"@type\":\"WebPage\",\"@id\":\"https:\/\/idcab.se\/en\/vi-ar-idc\/\",\"url\":\"https:\/\/idcab.se\/en\/vi-ar-idc\/\",\"name\":\"We are IDC | IDC | Skaraborgs utvecklingsbolag f\u00f6r industrin\",\"isPartOf\":{\"@id\":\"https:\/\/idcab.se\/en\/#website\"},\"datePublished\":\"2017-05-08T15:32:58+00:00\",\"dateModified\":\"2023-12-07T17:25:51+00:00\",\"description\":\"Vi \u00e4gs av cirka 150 sm\u00e5 och medelstora tillverkande industrif\u00f6retag, drivs av 22 medarbetare och vi \u00e4r inte vinstdrivande. Skaraborgs utvecklingsbolag.\",\"breadcrumb\":{\"@id\":\"https:\/\/idcab.se\/en\/vi-ar-idc\/#breadcrumb\"},\"inLanguage\":\"en-US\",\"potentialAction\":[{\"@type\":\"ReadAction\",\"target\":[\"https:\/\/idcab.se\/en\/vi-ar-idc\/\"]}]},{\"@type\":\"BreadcrumbList\",\"@id\":\"https:\/\/idcab.se\/en\/vi-ar-idc\/#breadcrumb\",\"itemListElement\":[{\"@type\":\"ListItem\",\"position\":1,\"name\":\"Hem\",\"item\":\"https:\/\/idcab.se\/en\/\"},{\"@type\":\"ListItem\",\"position\":2,\"name\":\"We are IDC\"}]},{\"@type\":\"WebSite\",\"@id\":\"https:\/\/idcab.se\/en\/#website\",\"url\":\"https:\/\/idcab.se\/en\/\",\"name\":\"IDC | Skaraborgs utvecklingsbolag f\u00f6r industrin\",\"description\":\"IDC | Skaraborgs utvecklingsbolag f\u00f6r industrin\",\"publisher\":{\"@id\":\"https:\/\/idcab.se\/en\/#organization\"},\"potentialAction\":[{\"@type\":\"SearchAction\",\"target\":{\"@type\":\"EntryPoint\",\"urlTemplate\":\"https:\/\/idcab.se\/en\/?s={search_term_string}\"},\"query-input\":\"required name=search_term_string\"}],\"inLanguage\":\"en-US\"},{\"@type\":\"Organization\",\"@id\":\"https:\/\/idcab.se\/en\/#organization\",\"name\":\"IDC - Industrial Development Center West Sweden AB\",\"url\":\"https:\/\/idcab.se\/en\/\",\"logo\":{\"@type\":\"ImageObject\",\"inLanguage\":\"en-US\",\"@id\":\"https:\/\/idcab.se\/en\/#\/schema\/logo\/image\/\",\"url\":\"https:\/\/storage.googleapis.com\/idcab-se\/uploads\/2017\/06\/idc-logo-large.png\",\"contentUrl\":\"https:\/\/storage.googleapis.com\/idcab-se\/uploads\/2017\/06\/idc-logo-large.png\",\"width\":840,\"height\":370,\"caption\":\"IDC - Industrial Development Center West Sweden AB\"},\"image\":{\"@id\":\"https:\/\/idcab.se\/en\/#\/schema\/logo\/image\/\"},\"sameAs\":[\"https:\/\/www.facebook.com\/IDC-West-Sweden-AB-126935520693598\/?fref=ts\",\"https:\/\/www.linkedin.com\/company\/1178676\/\"]}]}<\/script>\n<!-- \/ Yoast SEO plugin. -->","yoast_head_json":{"title":"We are IDC | IDC | Skaraborgs utvecklingsbolag f\u00f6r industrin","description":"Vi \u00e4gs av cirka 150 sm\u00e5 och medelstora tillverkande industrif\u00f6retag, drivs av 22 medarbetare och vi \u00e4r inte vinstdrivande. Skaraborgs utvecklingsbolag.","robots":{"index":"index","follow":"follow","max-snippet":"max-snippet:-1","max-image-preview":"max-image-preview:large","max-video-preview":"max-video-preview:-1"},"canonical":"https:\/\/idcab.se\/en\/vi-ar-idc\/","og_locale":"en_US","og_type":"article","og_title":"We are IDC | IDC | Skaraborgs utvecklingsbolag f\u00f6r industrin","og_description":"Vi \u00e4gs av cirka 150 sm\u00e5 och medelstora tillverkande industrif\u00f6retag, drivs av 22 medarbetare och vi \u00e4r inte vinstdrivande. Skaraborgs utvecklingsbolag.","og_url":"https:\/\/idcab.se\/en\/vi-ar-idc\/","og_site_name":"IDC | Skaraborgs utvecklingsbolag f\u00f6r industrin","article_publisher":"https:\/\/www.facebook.com\/IDC-West-Sweden-AB-126935520693598\/?fref=ts","article_modified_time":"2023-12-07T17:25:51+00:00","twitter_card":"summary_large_image","twitter_misc":{"Est. reading time":"3 minutes"},"schema":{"@context":"https:\/\/schema.org","@graph":[{"@type":"WebPage","@id":"https:\/\/idcab.se\/en\/vi-ar-idc\/","url":"https:\/\/idcab.se\/en\/vi-ar-idc\/","name":"We are IDC | IDC | Skaraborgs utvecklingsbolag f\u00f6r industrin","isPartOf":{"@id":"https:\/\/idcab.se\/en\/#website"},"datePublished":"2017-05-08T15:32:58+00:00","dateModified":"2023-12-07T17:25:51+00:00","description":"Vi \u00e4gs av cirka 150 sm\u00e5 och medelstora tillverkande industrif\u00f6retag, drivs av 22 medarbetare och vi \u00e4r inte vinstdrivande. Skaraborgs utvecklingsbolag.","breadcrumb":{"@id":"https:\/\/idcab.se\/en\/vi-ar-idc\/#breadcrumb"},"inLanguage":"en-US","potentialAction":[{"@type":"ReadAction","target":["https:\/\/idcab.se\/en\/vi-ar-idc\/"]}]},{"@type":"BreadcrumbList","@id":"https:\/\/idcab.se\/en\/vi-ar-idc\/#breadcrumb","itemListElement":[{"@type":"ListItem","position":1,"name":"Hem","item":"https:\/\/idcab.se\/en\/"},{"@type":"ListItem","position":2,"name":"We are IDC"}]},{"@type":"WebSite","@id":"https:\/\/idcab.se\/en\/#website","url":"https:\/\/idcab.se\/en\/","name":"IDC | Skaraborgs utvecklingsbolag f\u00f6r industrin","description":"IDC | Skaraborgs utvecklingsbolag f\u00f6r industrin","publisher":{"@id":"https:\/\/idcab.se\/en\/#organization"},"potentialAction":[{"@type":"SearchAction","target":{"@type":"EntryPoint","urlTemplate":"https:\/\/idcab.se\/en\/?s={search_term_string}"},"query-input":"required name=search_term_string"}],"inLanguage":"en-US"},{"@type":"Organization","@id":"https:\/\/idcab.se\/en\/#organization","name":"IDC - Industrial Development Center West Sweden AB","url":"https:\/\/idcab.se\/en\/","logo":{"@type":"ImageObject","inLanguage":"en-US","@id":"https:\/\/idcab.se\/en\/#\/schema\/logo\/image\/","url":"https:\/\/storage.googleapis.com\/idcab-se\/uploads\/2017\/06\/idc-logo-large.png","contentUrl":"https:\/\/storage.googleapis.com\/idcab-se\/uploads\/2017\/06\/idc-logo-large.png","width":840,"height":370,"caption":"IDC - Industrial Development Center West Sweden AB"},"image":{"@id":"https:\/\/idcab.se\/en\/#\/schema\/logo\/image\/"},"sameAs":["https:\/\/www.facebook.com\/IDC-West-Sweden-AB-126935520693598\/?fref=ts","https:\/\/www.linkedin.com\/company\/1178676\/"]}]}},"_links":{"self":[{"href":"https:\/\/idcab.se\/en\/wp-json\/wp\/v2\/pages\/15430"}],"collection":[{"href":"https:\/\/idcab.se\/en\/wp-json\/wp\/v2\/pages"}],"about":[{"href":"https:\/\/idcab.se\/en\/wp-json\/wp\/v2\/types\/page"}],"author":[{"embeddable":true,"href":"https:\/\/idcab.se\/en\/wp-json\/wp\/v2\/users\/1"}],"replies":[{"embeddable":true,"href":"https:\/\/idcab.se\/en\/wp-json\/wp\/v2\/comments?post=15430"}],"version-history":[{"count":6,"href":"https:\/\/idcab.se\/en\/wp-json\/wp\/v2\/pages\/15430\/revisions"}],"predecessor-version":[{"id":33888,"href":"https:\/\/idcab.se\/en\/wp-json\/wp\/v2\/pages\/15430\/revisions\/33888"}],"wp:attachment":[{"href":"https:\/\/idcab.se\/en\/wp-json\/wp\/v2\/media?parent=15430"}],"curies":[{"name":"wp","href":"https:\/\/api.w.org\/{rel}","templated":true}]}}