{"id":13553,"date":"2019-06-12T14:43:18","date_gmt":"2019-06-12T12:43:18","guid":{"rendered":"https:\/\/idcab.se\/?page_id=13553"},"modified":"2024-08-05T15:16:24","modified_gmt":"2024-08-05T13:16:24","slug":"startsida","status":"publish","type":"page","link":"https:\/\/idcab.se\/en\/","title":{"rendered":"Grow together with us"},"content":{"rendered":"<h2>IDC West Sweden is initiating development ventures and coordinating regional, national and international collaboration<\/h2>\n<p>We are a development company for people in the manufacturing industry in Skaraborg. Our mission is to strengthen the competitiveness and profitability of Skaraborg\u2019s manufacturing industry. We do this by sharing the knowledge, the experience, the competence and the contacts we have built up over a decade.<\/p>\n<p>We are owned by about 160 manufacturing industrial companies in Skaraborg, and run without our own profit interest &#8211; all possible profits are reinvested in the business to benefit the industry of Skaraborg. Our model consists of giving help to self-help by coaching and long-term learning; we need our partner companies to want to develop \u2013 for a sustainable future industry.<\/p>\n<p><a class=\"btn-color-outline\" href=\"https:\/\/idcab.se\/en\/vi-ar-idc\/\">Read more about IDC<\/a><\/p>\n","protected":false},"excerpt":{"rendered":"<p>IDC West Sweden is initiating development ventures and coordinating regional, national and international collaboration We are a development company for&#8230; <a href=\"https:\/\/idcab.se\/en\/\">Read more<\/a><\/p>\n","protected":false},"author":10,"featured_media":0,"parent":0,"menu_order":0,"comment_status":"closed","ping_status":"closed","template":"","meta":{"footnotes":""},"class_list":["post-13553","page","type-page","status-publish","hentry"],"yoast_head":"<!-- This site is optimized with the Yoast SEO plugin v23.3 - https:\/\/yoast.com\/wordpress\/plugins\/seo\/ -->\n<title>IDC | Skaraborgs utvecklingsbolag f\u00f6r industrin<\/title>\n<meta name=\"description\" content=\"IDC West Sweden AB \u2013 Ett utvecklingsbolag f\u00f6r m\u00e4nniskorna i Skaraborgs tillverkande industri, vi st\u00e4rker konkurrenskraften &amp; l\u00f6nsamheten f\u00f6r v\u00e5ra del\u00e4gare.\" \/>\n<meta name=\"robots\" content=\"index, follow, max-snippet:-1, max-image-preview:large, max-video-preview:-1\" \/>\n<link rel=\"canonical\" href=\"https:\/\/idcab.se\/en\/\" \/>\n<meta property=\"og:locale\" content=\"en_US\" \/>\n<meta property=\"og:type\" content=\"article\" \/>\n<meta property=\"og:title\" content=\"IDC | Skaraborgs utvecklingsbolag f\u00f6r industrin\" \/>\n<meta property=\"og:description\" content=\"IDC West Sweden AB \u2013 Ett utvecklingsbolag f\u00f6r m\u00e4nniskorna i Skaraborgs tillverkande industri, vi st\u00e4rker konkurrenskraften &amp; l\u00f6nsamheten f\u00f6r v\u00e5ra del\u00e4gare.\" \/>\n<meta property=\"og:url\" content=\"https:\/\/idcab.se\/en\/\" \/>\n<meta property=\"og:site_name\" content=\"IDC | Skaraborgs utvecklingsbolag f\u00f6r industrin\" \/>\n<meta property=\"article:publisher\" content=\"https:\/\/www.facebook.com\/IDC-West-Sweden-AB-126935520693598\/?fref=ts\" \/>\n<meta property=\"article:modified_time\" content=\"2024-08-05T13:16:24+00:00\" \/>\n<meta name=\"twitter:card\" content=\"summary_large_image\" \/>\n<meta name=\"twitter:label1\" content=\"Est. reading time\" \/>\n\t<meta name=\"twitter:data1\" content=\"1 minute\" \/>\n<script type=\"application\/ld+json\" class=\"yoast-schema-graph\">{\"@context\":\"https:\/\/schema.org\",\"@graph\":[{\"@type\":\"WebPage\",\"@id\":\"https:\/\/idcab.se\/en\/\",\"url\":\"https:\/\/idcab.se\/en\/\",\"name\":\"IDC | Skaraborgs utvecklingsbolag f\u00f6r industrin\",\"isPartOf\":{\"@id\":\"https:\/\/idcab.se\/en\/#website\"},\"datePublished\":\"2019-06-12T12:43:18+00:00\",\"dateModified\":\"2024-08-05T13:16:24+00:00\",\"description\":\"IDC West Sweden AB \u2013 Ett utvecklingsbolag f\u00f6r m\u00e4nniskorna i Skaraborgs tillverkande industri, vi st\u00e4rker konkurrenskraften & l\u00f6nsamheten f\u00f6r v\u00e5ra del\u00e4gare.\",\"breadcrumb\":{\"@id\":\"https:\/\/idcab.se\/en\/#breadcrumb\"},\"inLanguage\":\"en-US\",\"potentialAction\":[{\"@type\":\"ReadAction\",\"target\":[\"https:\/\/idcab.se\/en\/\"]}]},{\"@type\":\"BreadcrumbList\",\"@id\":\"https:\/\/idcab.se\/en\/#breadcrumb\",\"itemListElement\":[{\"@type\":\"ListItem\",\"position\":1,\"name\":\"Hem\",\"item\":\"https:\/\/idcab.se\/en\/\"},{\"@type\":\"ListItem\",\"position\":2,\"name\":\"Grow together with us\"}]},{\"@type\":\"WebSite\",\"@id\":\"https:\/\/idcab.se\/en\/#website\",\"url\":\"https:\/\/idcab.se\/en\/\",\"name\":\"IDC | Skaraborgs utvecklingsbolag f\u00f6r industrin\",\"description\":\"IDC | Skaraborgs utvecklingsbolag f\u00f6r industrin\",\"publisher\":{\"@id\":\"https:\/\/idcab.se\/en\/#organization\"},\"potentialAction\":[{\"@type\":\"SearchAction\",\"target\":{\"@type\":\"EntryPoint\",\"urlTemplate\":\"https:\/\/idcab.se\/en\/?s={search_term_string}\"},\"query-input\":\"required name=search_term_string\"}],\"inLanguage\":\"en-US\"},{\"@type\":\"Organization\",\"@id\":\"https:\/\/idcab.se\/en\/#organization\",\"name\":\"IDC - Industrial Development Center West Sweden AB\",\"url\":\"https:\/\/idcab.se\/en\/\",\"logo\":{\"@type\":\"ImageObject\",\"inLanguage\":\"en-US\",\"@id\":\"https:\/\/idcab.se\/en\/#\/schema\/logo\/image\/\",\"url\":\"https:\/\/storage.googleapis.com\/idcab-se\/uploads\/2017\/06\/idc-logo-large.png\",\"contentUrl\":\"https:\/\/storage.googleapis.com\/idcab-se\/uploads\/2017\/06\/idc-logo-large.png\",\"width\":840,\"height\":370,\"caption\":\"IDC - Industrial Development Center West Sweden AB\"},\"image\":{\"@id\":\"https:\/\/idcab.se\/en\/#\/schema\/logo\/image\/\"},\"sameAs\":[\"https:\/\/www.facebook.com\/IDC-West-Sweden-AB-126935520693598\/?fref=ts\",\"https:\/\/www.linkedin.com\/company\/1178676\/\"]}]}<\/script>\n<!-- \/ Yoast SEO plugin. -->","yoast_head_json":{"title":"IDC | Skaraborgs utvecklingsbolag f\u00f6r industrin","description":"IDC West Sweden AB \u2013 Ett utvecklingsbolag f\u00f6r m\u00e4nniskorna i Skaraborgs tillverkande industri, vi st\u00e4rker konkurrenskraften & l\u00f6nsamheten f\u00f6r v\u00e5ra del\u00e4gare.","robots":{"index":"index","follow":"follow","max-snippet":"max-snippet:-1","max-image-preview":"max-image-preview:large","max-video-preview":"max-video-preview:-1"},"canonical":"https:\/\/idcab.se\/en\/","og_locale":"en_US","og_type":"article","og_title":"IDC | Skaraborgs utvecklingsbolag f\u00f6r industrin","og_description":"IDC West Sweden AB \u2013 Ett utvecklingsbolag f\u00f6r m\u00e4nniskorna i Skaraborgs tillverkande industri, vi st\u00e4rker konkurrenskraften & l\u00f6nsamheten f\u00f6r v\u00e5ra del\u00e4gare.","og_url":"https:\/\/idcab.se\/en\/","og_site_name":"IDC | Skaraborgs utvecklingsbolag f\u00f6r industrin","article_publisher":"https:\/\/www.facebook.com\/IDC-West-Sweden-AB-126935520693598\/?fref=ts","article_modified_time":"2024-08-05T13:16:24+00:00","twitter_card":"summary_large_image","twitter_misc":{"Est. reading time":"1 minute"},"schema":{"@context":"https:\/\/schema.org","@graph":[{"@type":"WebPage","@id":"https:\/\/idcab.se\/en\/","url":"https:\/\/idcab.se\/en\/","name":"IDC | Skaraborgs utvecklingsbolag f\u00f6r industrin","isPartOf":{"@id":"https:\/\/idcab.se\/en\/#website"},"datePublished":"2019-06-12T12:43:18+00:00","dateModified":"2024-08-05T13:16:24+00:00","description":"IDC West Sweden AB \u2013 Ett utvecklingsbolag f\u00f6r m\u00e4nniskorna i Skaraborgs tillverkande industri, vi st\u00e4rker konkurrenskraften & l\u00f6nsamheten f\u00f6r v\u00e5ra del\u00e4gare.","breadcrumb":{"@id":"https:\/\/idcab.se\/en\/#breadcrumb"},"inLanguage":"en-US","potentialAction":[{"@type":"ReadAction","target":["https:\/\/idcab.se\/en\/"]}]},{"@type":"BreadcrumbList","@id":"https:\/\/idcab.se\/en\/#breadcrumb","itemListElement":[{"@type":"ListItem","position":1,"name":"Hem","item":"https:\/\/idcab.se\/en\/"},{"@type":"ListItem","position":2,"name":"Grow together with us"}]},{"@type":"WebSite","@id":"https:\/\/idcab.se\/en\/#website","url":"https:\/\/idcab.se\/en\/","name":"IDC | Skaraborgs utvecklingsbolag f\u00f6r industrin","description":"IDC | Skaraborgs utvecklingsbolag f\u00f6r industrin","publisher":{"@id":"https:\/\/idcab.se\/en\/#organization"},"potentialAction":[{"@type":"SearchAction","target":{"@type":"EntryPoint","urlTemplate":"https:\/\/idcab.se\/en\/?s={search_term_string}"},"query-input":"required name=search_term_string"}],"inLanguage":"en-US"},{"@type":"Organization","@id":"https:\/\/idcab.se\/en\/#organization","name":"IDC - Industrial Development Center West Sweden AB","url":"https:\/\/idcab.se\/en\/","logo":{"@type":"ImageObject","inLanguage":"en-US","@id":"https:\/\/idcab.se\/en\/#\/schema\/logo\/image\/","url":"https:\/\/storage.googleapis.com\/idcab-se\/uploads\/2017\/06\/idc-logo-large.png","contentUrl":"https:\/\/storage.googleapis.com\/idcab-se\/uploads\/2017\/06\/idc-logo-large.png","width":840,"height":370,"caption":"IDC - Industrial Development Center West Sweden AB"},"image":{"@id":"https:\/\/idcab.se\/en\/#\/schema\/logo\/image\/"},"sameAs":["https:\/\/www.facebook.com\/IDC-West-Sweden-AB-126935520693598\/?fref=ts","https:\/\/www.linkedin.com\/company\/1178676\/"]}]}},"_links":{"self":[{"href":"https:\/\/idcab.se\/en\/wp-json\/wp\/v2\/pages\/13553"}],"collection":[{"href":"https:\/\/idcab.se\/en\/wp-json\/wp\/v2\/pages"}],"about":[{"href":"https:\/\/idcab.se\/en\/wp-json\/wp\/v2\/types\/page"}],"author":[{"embeddable":true,"href":"https:\/\/idcab.se\/en\/wp-json\/wp\/v2\/users\/10"}],"replies":[{"embeddable":true,"href":"https:\/\/idcab.se\/en\/wp-json\/wp\/v2\/comments?post=13553"}],"version-history":[{"count":5,"href":"https:\/\/idcab.se\/en\/wp-json\/wp\/v2\/pages\/13553\/revisions"}],"predecessor-version":[{"id":24408,"href":"https:\/\/idcab.se\/en\/wp-json\/wp\/v2\/pages\/13553\/revisions\/24408"}],"wp:attachment":[{"href":"https:\/\/idcab.se\/en\/wp-json\/wp\/v2\/media?parent=13553"}],"curies":[{"name":"wp","href":"https:\/\/api.w.org\/{rel}","templated":true}]}}